{"id":1164,"date":"2024-09-12T16:00:42","date_gmt":"2024-09-12T13:00:42","guid":{"rendered":"https:\/\/kominikee.com\/?page_id=1164"},"modified":"2024-09-12T16:02:54","modified_gmt":"2024-09-12T13:02:54","slug":"link-to-ss","status":"publish","type":"page","link":"https:\/\/kominikee.com\/en\/link-to-ss\/","title":{"rendered":"Link to SS"},"content":{"rendered":"<div data-elementor-type=\"wp-page\" data-elementor-id=\"1164\" class=\"elementor elementor-1164\" data-elementor-post-type=\"page\">\n\t\t\t\t\t\t<section class=\"elementor-section elementor-top-section elementor-element elementor-element-0cf72b9 elementor-section-boxed elementor-section-height-default elementor-section-height-default\" data-id=\"0cf72b9\" data-element_type=\"section\">\n\t\t\t\t\t\t<div class=\"elementor-container elementor-column-gap-default\">\n\t\t\t\t\t<div class=\"elementor-column elementor-col-100 elementor-top-column elementor-element elementor-element-75b7ba2\" data-id=\"75b7ba2\" data-element_type=\"column\">\n\t\t\t<div class=\"elementor-widget-wrap elementor-element-populated\">\n\t\t\t\t\t\t<div class=\"elementor-element elementor-element-2be09cd elementor-widget elementor-widget-shortcode\" data-id=\"2be09cd\" data-element_type=\"widget\" data-widget_type=\"shortcode.default\">\n\t\t\t\t<div class=\"elementor-widget-container\">\n\t\t\t\t\t<div class=\"elementor-shortcode\">    <div id=\"screenshot-tool\">\n        <!-- Web veya Mobil se\u00e7ene\u011fi -->\n        <label>\n            <input type=\"radio\" name=\"device\" value=\"web\" checked> Web\n        <\/label>\n        <label>\n            <input type=\"radio\" name=\"device\" value=\"mobile\"> Mobile\n        <\/label>\n\n        <!-- URL input alan\u0131 -->\n        <input type=\"text\" id=\"url-input\" placeholder=\"Enter URL to capture\">\n\n        <!-- Screenshot butonu -->\n        <button id=\"capture-btn\">Capture Screenshot<\/button>\n\n        <!-- Ekran g\u00f6r\u00fcnt\u00fcs\u00fc sonucu -->\n        <div id=\"screenshot-result\"><\/div>\n    <\/div>\n\n    <script>\n    jQuery(document).ready(function($) {\n        \/\/ Butona t\u0131klay\u0131nca veya Enter'a bas\u0131nca ekran g\u00f6r\u00fcnt\u00fcs\u00fc al\n        $('#capture-btn').click(function() {\n            captureScreenshot();\n        });\n\n        $('#url-input').keypress(function(e) {\n            if (e.which == 13) { \/\/ 13, Enter tu\u015funun kodudur\n                captureScreenshot();\n            }\n        });\n\n        function captureScreenshot() {\n            var url = $('#url-input').val();\n            var device = $('input[name=\"device\"]:checked').val(); \/\/ Web veya Mobil se\u00e7imi\n\n            if (url) {\n                $.ajax({\n                    url: 'https:\/\/kominikee.com\/wp-admin\/admin-ajax.php',\n                    type: 'POST',\n                    data: {\n                        action: 'capture_screenshot',\n                        url: url,\n                        device: device\n                    },\n                    success: function(response) {\n                        if(response.success) {\n                            $('#screenshot-result').html('<img decoding=\"async\" src=\"' + response.data.image_url + '\" alt=\"Screenshot\"><br><a href=\"' + response.data.image_url + '\" download=\"screenshot.png\">Download PNG<\/a>');\n                        } else {\n                            alert(response.data.message);\n                        }\n                    },\n                    error: function() {\n                        alert('Error capturing screenshot. Please try again.');\n                    }\n                });\n            } else {\n                alert('Please enter a valid URL.');\n            }\n        }\n    });\n    <\/script>\n    <\/div>\n\t\t\t\t<\/div>\n\t\t\t\t<\/div>\n\t\t\t\t\t<\/div>\n\t\t<\/div>\n\t\t\t\t\t<\/div>\n\t\t<\/section>\n\t\t\t\t<\/div>","protected":false},"excerpt":{"rendered":"","protected":false},"author":1,"featured_media":0,"parent":0,"menu_order":0,"comment_status":"closed","ping_status":"closed","template":"","meta":{"site-sidebar-layout":"no-sidebar","site-content-layout":"page-builder","ast-site-content-layout":"full-width-container","site-content-style":"default","site-sidebar-style":"default","ast-global-header-display":"","ast-banner-title-visibility":"","ast-main-header-display":"","ast-hfb-above-header-display":"","ast-hfb-below-header-display":"","ast-hfb-mobile-header-display":"","site-post-title":"disabled","ast-breadcrumbs-content":"","ast-featured-img":"disabled","footer-sml-layout":"","theme-transparent-header-meta":"","adv-header-id-meta":"","stick-header-meta":"","header-above-stick-meta":"","header-main-stick-meta":"","header-below-stick-meta":"","astra-migrate-meta-layouts":"set","ast-page-background-enabled":"default","ast-page-background-meta":{"desktop":{"background-color":"","background-image":"","background-repeat":"repeat","background-position":"center center","background-size":"auto","background-attachment":"scroll","background-type":"","background-media":"","overlay-type":"","overlay-color":"","overlay-gradient":""},"tablet":{"background-color":"","background-image":"","background-repeat":"repeat","background-position":"center center","background-size":"auto","background-attachment":"scroll","background-type":"","background-media":"","overlay-type":"","overlay-color":"","overlay-gradient":""},"mobile":{"background-color":"","background-image":"","background-repeat":"repeat","background-position":"center center","background-size":"auto","background-attachment":"scroll","background-type":"","background-media":"","overlay-type":"","overlay-color":"","overlay-gradient":""}},"ast-content-background-meta":{"desktop":{"background-color":"var(--ast-global-color-5)","background-image":"","background-repeat":"repeat","background-position":"center center","background-size":"auto","background-attachment":"scroll","background-type":"","background-media":"","overlay-type":"","overlay-color":"","overlay-gradient":""},"tablet":{"background-color":"var(--ast-global-color-5)","background-image":"","background-repeat":"repeat","background-position":"center center","background-size":"auto","background-attachment":"scroll","background-type":"","background-media":"","overlay-type":"","overlay-color":"","overlay-gradient":""},"mobile":{"background-color":"var(--ast-global-color-5)","background-image":"","background-repeat":"repeat","background-position":"center center","background-size":"auto","background-attachment":"scroll","background-type":"","background-media":"","overlay-type":"","overlay-color":"","overlay-gradient":""}},"footnotes":""},"class_list":["post-1164","page","type-page","status-publish","hentry"],"_links":{"self":[{"href":"https:\/\/kominikee.com\/en\/wp-json\/wp\/v2\/pages\/1164","targetHints":{"allow":["GET"]}}],"collection":[{"href":"https:\/\/kominikee.com\/en\/wp-json\/wp\/v2\/pages"}],"about":[{"href":"https:\/\/kominikee.com\/en\/wp-json\/wp\/v2\/types\/page"}],"author":[{"embeddable":true,"href":"https:\/\/kominikee.com\/en\/wp-json\/wp\/v2\/users\/1"}],"replies":[{"embeddable":true,"href":"https:\/\/kominikee.com\/en\/wp-json\/wp\/v2\/comments?post=1164"}],"version-history":[{"count":7,"href":"https:\/\/kominikee.com\/en\/wp-json\/wp\/v2\/pages\/1164\/revisions"}],"predecessor-version":[{"id":1171,"href":"https:\/\/kominikee.com\/en\/wp-json\/wp\/v2\/pages\/1164\/revisions\/1171"}],"wp:attachment":[{"href":"https:\/\/kominikee.com\/en\/wp-json\/wp\/v2\/media?parent=1164"}],"curies":[{"name":"wp","href":"https:\/\/api.w.org\/{rel}","templated":true}]}}