{"id":1198,"date":"2025-02-19T19:59:29","date_gmt":"2025-02-19T16:59:29","guid":{"rendered":"https:\/\/kominikee.com\/?page_id=1198"},"modified":"2025-02-19T23:54:12","modified_gmt":"2025-02-19T20:54:12","slug":"twitter-video-download","status":"publish","type":"page","link":"https:\/\/kominikee.com\/en\/twitter-video-download\/","title":{"rendered":"Twitter Video Download"},"content":{"rendered":"<div data-elementor-type=\"wp-page\" data-elementor-id=\"1198\" class=\"elementor elementor-1198\" data-elementor-post-type=\"page\">\n\t\t\t\t\t\t<section class=\"elementor-section elementor-top-section elementor-element elementor-element-27cb822 elementor-section-boxed elementor-section-height-default elementor-section-height-default\" data-id=\"27cb822\" data-element_type=\"section\">\n\t\t\t\t\t\t<div class=\"elementor-container elementor-column-gap-default\">\n\t\t\t\t\t<div class=\"elementor-column elementor-col-100 elementor-top-column elementor-element elementor-element-bab8308\" data-id=\"bab8308\" data-element_type=\"column\">\n\t\t\t<div class=\"elementor-widget-wrap elementor-element-populated\">\n\t\t\t\t\t\t<div class=\"elementor-element elementor-element-3d304bf elementor-widget elementor-widget-html\" data-id=\"3d304bf\" data-element_type=\"widget\" data-widget_type=\"html.default\">\n\t\t\t\t<div class=\"elementor-widget-container\">\n\t\t\t<!DOCTYPE html>\n<html lang=\"tr\">\n<head>\n    <meta charset=\"UTF-8\">\n    <meta name=\"viewport\" content=\"width=device-width, initial-scale=1.0\">\n    <title>Video \u0130ndirici<\/title>\n    <style>\n        body {\n            font-family: Arial, sans-serif;\n            text-align: center;\n            margin: 50px;\n        }\n        input {\n            width: 80%;\n            padding: 10px;\n            margin: 10px 0;\n            font-size: 16px;\n        }\n        button {\n            padding: 10px 20px;\n            font-size: 16px;\n            background-color: #28a745;\n            color: white;\n            border: none;\n            cursor: pointer;\n        }\n        button:hover {\n            background-color: #218838;\n        }\n    <\/style>\n<\/head>\n<body>\n\n    <h2>Video \u0130ndirici<\/h2>\n    <input type=\"text\" id=\"videoURL\" placeholder=\"Video linkini buraya yap\u0131\u015ft\u0131r\u0131n\">\n    <br>\n    <button onclick=\"redirectToDownloader()\">Videoyu \u0130ndir<\/button>\n\n    <script>\n        function redirectToDownloader() {\n            let url = document.getElementById(\"videoURL\").value.trim();\n            if (!url) {\n                alert(\"L\u00fctfen ge\u00e7erli bir video linki girin.\");\n                return;\n            }\n\n            let downloadSite = \"\";\n\n            if (url.includes(\"twitter.com\") || url.includes(\"x.com\")) {\n                downloadSite = \"https:\/\/ssstwitter.com\/\";\n            } else if (url.includes(\"youtube.com\") || url.includes(\"youtu.be\")) {\n                downloadSite = \"https:\/\/y2mate.is\/\";\n            } else if (url.includes(\"instagram.com\")) {\n                downloadSite = \"https:\/\/saveig.app\/\";\n            } else if (url.includes(\"tiktok.com\")) {\n                downloadSite = \"https:\/\/ssstik.io\/\";\n            } else if (url.includes(\"facebook.com\") || url.includes(\"fb.watch\")) {\n                downloadSite = \"https:\/\/fdown.net\/\";\n            } else {\n                alert(\"Bu platform \u015fu anda desteklenmiyor.\");\n                return;\n            }\n\n            \/\/ Kullan\u0131c\u0131y\u0131 ilgili indirme sitesine y\u00f6nlendir\n            window.open(downloadSite + \"?url=\" + encodeURIComponent(url), \"_blank\");\n        }\n    <\/script>\n\n<\/body>\n<\/html>\n\t\t<\/div>\n\t\t\t\t<\/div>\n\t\t\t\t\t<\/div>\n\t\t<\/div>\n\t\t\t\t\t<\/div>\n\t\t<\/section>\n\t\t\t\t<\/div>","protected":false},"excerpt":{"rendered":"<p>Video \u0130ndirici Video \u0130ndirici Videoyu \u0130ndir<\/p>","protected":false},"author":1,"featured_media":0,"parent":0,"menu_order":0,"comment_status":"closed","ping_status":"closed","template":"","meta":{"site-sidebar-layout":"no-sidebar","site-content-layout":"page-builder","ast-site-content-layout":"full-width-container","site-content-style":"default","site-sidebar-style":"default","ast-global-header-display":"","ast-banner-title-visibility":"","ast-main-header-display":"","ast-hfb-above-header-display":"","ast-hfb-below-header-display":"","ast-hfb-mobile-header-display":"","site-post-title":"disabled","ast-breadcrumbs-content":"","ast-featured-img":"disabled","footer-sml-layout":"","theme-transparent-header-meta":"","adv-header-id-meta":"","stick-header-meta":"","header-above-stick-meta":"","header-main-stick-meta":"","header-below-stick-meta":"","astra-migrate-meta-layouts":"set","ast-page-background-enabled":"default","ast-page-background-meta":{"desktop":{"background-color":"","background-image":"","background-repeat":"repeat","background-position":"center center","background-size":"auto","background-attachment":"scroll","background-type":"","background-media":"","overlay-type":"","overlay-color":"","overlay-gradient":""},"tablet":{"background-color":"","background-image":"","background-repeat":"repeat","background-position":"center center","background-size":"auto","background-attachment":"scroll","background-type":"","background-media":"","overlay-type":"","overlay-color":"","overlay-gradient":""},"mobile":{"background-color":"","background-image":"","background-repeat":"repeat","background-position":"center center","background-size":"auto","background-attachment":"scroll","background-type":"","background-media":"","overlay-type":"","overlay-color":"","overlay-gradient":""}},"ast-content-background-meta":{"desktop":{"background-color":"var(--ast-global-color-5)","background-image":"","background-repeat":"repeat","background-position":"center center","background-size":"auto","background-attachment":"scroll","background-type":"","background-media":"","overlay-type":"","overlay-color":"","overlay-gradient":""},"tablet":{"background-color":"var(--ast-global-color-5)","background-image":"","background-repeat":"repeat","background-position":"center center","background-size":"auto","background-attachment":"scroll","background-type":"","background-media":"","overlay-type":"","overlay-color":"","overlay-gradient":""},"mobile":{"background-color":"var(--ast-global-color-5)","background-image":"","background-repeat":"repeat","background-position":"center center","background-size":"auto","background-attachment":"scroll","background-type":"","background-media":"","overlay-type":"","overlay-color":"","overlay-gradient":""}},"footnotes":""},"class_list":["post-1198","page","type-page","status-publish","hentry"],"_links":{"self":[{"href":"https:\/\/kominikee.com\/en\/wp-json\/wp\/v2\/pages\/1198","targetHints":{"allow":["GET"]}}],"collection":[{"href":"https:\/\/kominikee.com\/en\/wp-json\/wp\/v2\/pages"}],"about":[{"href":"https:\/\/kominikee.com\/en\/wp-json\/wp\/v2\/types\/page"}],"author":[{"embeddable":true,"href":"https:\/\/kominikee.com\/en\/wp-json\/wp\/v2\/users\/1"}],"replies":[{"embeddable":true,"href":"https:\/\/kominikee.com\/en\/wp-json\/wp\/v2\/comments?post=1198"}],"version-history":[{"count":13,"href":"https:\/\/kominikee.com\/en\/wp-json\/wp\/v2\/pages\/1198\/revisions"}],"predecessor-version":[{"id":1211,"href":"https:\/\/kominikee.com\/en\/wp-json\/wp\/v2\/pages\/1198\/revisions\/1211"}],"wp:attachment":[{"href":"https:\/\/kominikee.com\/en\/wp-json\/wp\/v2\/media?parent=1198"}],"curies":[{"name":"wp","href":"https:\/\/api.w.org\/{rel}","templated":true}]}}