{"id":1236,"date":"2025-04-06T21:17:08","date_gmt":"2025-04-06T18:17:08","guid":{"rendered":"https:\/\/kominikee.com\/?page_id=1236"},"modified":"2025-04-07T14:41:45","modified_gmt":"2025-04-07T11:41:45","slug":"x-content","status":"publish","type":"page","link":"https:\/\/kominikee.com\/en\/x-content\/","title":{"rendered":"X Content"},"content":{"rendered":"<div data-elementor-type=\"wp-page\" data-elementor-id=\"1236\" class=\"elementor elementor-1236\" data-elementor-post-type=\"page\">\n\t\t\t\t\t\t<section class=\"elementor-section elementor-top-section elementor-element elementor-element-0ff44de elementor-section-boxed elementor-section-height-default elementor-section-height-default\" data-id=\"0ff44de\" data-element_type=\"section\" data-settings=\"{&quot;background_background&quot;:&quot;classic&quot;}\">\n\t\t\t\t\t\t<div class=\"elementor-container elementor-column-gap-default\">\n\t\t\t\t\t<div class=\"elementor-column elementor-col-100 elementor-top-column elementor-element elementor-element-45dd862\" data-id=\"45dd862\" data-element_type=\"column\">\n\t\t\t<div class=\"elementor-widget-wrap elementor-element-populated\">\n\t\t\t\t\t\t<div class=\"elementor-element elementor-element-c12a2f5 elementor-widget elementor-widget-html\" data-id=\"c12a2f5\" data-element_type=\"widget\" data-widget_type=\"html.default\">\n\t\t\t\t<div class=\"elementor-widget-container\">\n\t\t\t<!DOCTYPE html>\n<html lang=\"en\">\n<head>\n  <meta charset=\"UTF-8\">\n  <meta name=\"viewport\" content=\"width=device-width, initial-scale=1.0\">\n  <title>X Video Downloader<\/title>\n  <style>\n    body {\n      font-family: Arial, sans-serif;\n      text-align: center;\n      padding: 50px;\n      background-color: #f5f5f5;\n    }\n    input[type=\"text\"] {\n      width: 80%;\n      padding: 10px;\n      font-size: 16px;\n      border: 1px solid #ccc;\n      border-radius: 5px;\n    }\n    button {\n      padding: 10px 20px;\n      font-size: 16px;\n      background-color: #1DA1F2;\n      color: white;\n      border: none;\n      border-radius: 5px;\n      cursor: pointer;\n      margin-top: 10px;\n    }\n    #result {\n      margin-top: 30px;\n    }\n    iframe {\n      width: 100%;\n      height: 500px;\n      border: none;\n    }\n  <\/style>\n<\/head>\n<body>\n  <h1>\ud83c\udfa5 X (Twitter) Video Downloader<\/h1>\n  <p>Bir tweet linki yap\u0131\u015ft\u0131r, indirebilir hale gelsin.<\/p>\n  <input type=\"text\" id=\"tweetUrl\" placeholder=\"https:\/\/x.com\/username\/status\/1234567890\" \/>\n  <br \/>\n  <button onclick=\"downloadVideo()\">Videoyu Getir<\/button>\n  <div id=\"result\"><\/div>\n\n  <script>\n    function downloadVideo() {\n      const url = document.getElementById(\"tweetUrl\").value;\n      if (!url.includes(\"x.com\") && !url.includes(\"twitter.com\")) {\n        alert(\"L\u00fctfen ge\u00e7erli bir tweet linki girin.\");\n        return;\n      }\n      const encodedUrl = encodeURIComponent(url);\n      const iframe = `<iframe src=\"https:\/\/www.savetweetvid.com\/downloader?url=${encodedUrl}\"><\/iframe>`;\n      document.getElementById(\"result\").innerHTML = iframe;\n    }\n  <\/script>\n<\/body>\n<\/html>\t\t<\/div>\n\t\t\t\t<\/div>\n\t\t\t\t\t<\/div>\n\t\t<\/div>\n\t\t\t\t\t<\/div>\n\t\t<\/section>\n\t\t\t\t<\/div>","protected":false},"excerpt":{"rendered":"<p>X Video Downloader \ud83c\udfa5 X (Twitter) Video Downloader Bir tweet linki yap\u0131\u015ft\u0131r, indirebilir hale gelsin. Videoyu Getir<\/p>","protected":false},"author":1,"featured_media":0,"parent":0,"menu_order":0,"comment_status":"closed","ping_status":"closed","template":"","meta":{"site-sidebar-layout":"no-sidebar","site-content-layout":"page-builder","ast-site-content-layout":"full-width-container","site-content-style":"default","site-sidebar-style":"default","ast-global-header-display":"","ast-banner-title-visibility":"","ast-main-header-display":"","ast-hfb-above-header-display":"","ast-hfb-below-header-display":"","ast-hfb-mobile-header-display":"","site-post-title":"disabled","ast-breadcrumbs-content":"","ast-featured-img":"disabled","footer-sml-layout":"","theme-transparent-header-meta":"","adv-header-id-meta":"","stick-header-meta":"","header-above-stick-meta":"","header-main-stick-meta":"","header-below-stick-meta":"","astra-migrate-meta-layouts":"set","ast-page-background-enabled":"default","ast-page-background-meta":{"desktop":{"background-color":"","background-image":"","background-repeat":"repeat","background-position":"center center","background-size":"auto","background-attachment":"scroll","background-type":"","background-media":"","overlay-type":"","overlay-color":"","overlay-gradient":""},"tablet":{"background-color":"","background-image":"","background-repeat":"repeat","background-position":"center center","background-size":"auto","background-attachment":"scroll","background-type":"","background-media":"","overlay-type":"","overlay-color":"","overlay-gradient":""},"mobile":{"background-color":"","background-image":"","background-repeat":"repeat","background-position":"center center","background-size":"auto","background-attachment":"scroll","background-type":"","background-media":"","overlay-type":"","overlay-color":"","overlay-gradient":""}},"ast-content-background-meta":{"desktop":{"background-color":"var(--ast-global-color-5)","background-image":"","background-repeat":"repeat","background-position":"center center","background-size":"auto","background-attachment":"scroll","background-type":"","background-media":"","overlay-type":"","overlay-color":"","overlay-gradient":""},"tablet":{"background-color":"var(--ast-global-color-5)","background-image":"","background-repeat":"repeat","background-position":"center center","background-size":"auto","background-attachment":"scroll","background-type":"","background-media":"","overlay-type":"","overlay-color":"","overlay-gradient":""},"mobile":{"background-color":"var(--ast-global-color-5)","background-image":"","background-repeat":"repeat","background-position":"center center","background-size":"auto","background-attachment":"scroll","background-type":"","background-media":"","overlay-type":"","overlay-color":"","overlay-gradient":""}},"footnotes":""},"class_list":["post-1236","page","type-page","status-publish","hentry"],"_links":{"self":[{"href":"https:\/\/kominikee.com\/en\/wp-json\/wp\/v2\/pages\/1236","targetHints":{"allow":["GET"]}}],"collection":[{"href":"https:\/\/kominikee.com\/en\/wp-json\/wp\/v2\/pages"}],"about":[{"href":"https:\/\/kominikee.com\/en\/wp-json\/wp\/v2\/types\/page"}],"author":[{"embeddable":true,"href":"https:\/\/kominikee.com\/en\/wp-json\/wp\/v2\/users\/1"}],"replies":[{"embeddable":true,"href":"https:\/\/kominikee.com\/en\/wp-json\/wp\/v2\/comments?post=1236"}],"version-history":[{"count":31,"href":"https:\/\/kominikee.com\/en\/wp-json\/wp\/v2\/pages\/1236\/revisions"}],"predecessor-version":[{"id":1269,"href":"https:\/\/kominikee.com\/en\/wp-json\/wp\/v2\/pages\/1236\/revisions\/1269"}],"wp:attachment":[{"href":"https:\/\/kominikee.com\/en\/wp-json\/wp\/v2\/media?parent=1236"}],"curies":[{"name":"wp","href":"https:\/\/api.w.org\/{rel}","templated":true}]}}